{"id":144,"date":"2017-10-20T14:45:22","date_gmt":"2017-10-20T14:45:22","guid":{"rendered":"http:\/\/apressthemes.com\/demo11\/?page_id=141"},"modified":"2019-09-18T15:30:42","modified_gmt":"2019-09-18T15:30:42","slug":"about","status":"publish","type":"page","link":"https:\/\/servmetal.com\/?page_id=144","title":{"rendered":"Nosotros"},"content":{"rendered":"<p>[vc_row full_width=\u00bbstretch_row\u00bb bg_type=\u00bbimage\u00bb parallax_style=\u00bbvcpb-default\u00bb bg_image_new=\u00bbid^217|url^https:\/\/servmetal.xyz\/wp-content\/uploads\/2019\/03\/slide3.jpg|caption^null|alt^null|title^slide3|description^null\u00bb bg_img_attach=\u00bbfixed\u00bb bg_override=\u00bbex-full\u00bb css=\u00bb.vc_custom_1556308527184{padding-top: 50px !important;padding-bottom: 50px !important;background-color: #ffffff !important;}\u00bb][vc_column css_animation=\u00bbfadeInLeft\u00bb width=\u00bb1\/2&#8243;][vc_single_image image=\u00bb1241&#8243; alignment=\u00bbcenter\u00bb css_animation=\u00bbbounceInDown\u00bb][vc_cta h2=\u00bbNOSOTROS\u00bb h2_font_container=\u00bbcolor:%230f263a\u00bb h2_google_fonts=\u00bbfont_family:Montserrat%3Aregular%2C700|font_style:400%20regular%3A400%3Anormal\u00bb h4=\u00bbSERVICIOS METALMECANICOS DE SOLUCI\u00d3N S.A DE C.V.\u00bb h4_font_container=\u00bbcolor:%230f263a\u00bb h4_google_fonts=\u00bbfont_family:Montserrat%3Aregular%2C700|font_style:400%20regular%3A400%3Anormal\u00bb txt_align=\u00bbcenter\u00bb style=\u00bbflat\u00bb color=\u00bbwhite\u00bb use_custom_fonts_h2=\u00bbtrue\u00bb use_custom_fonts_h4=\u00bbtrue\u00bb]<\/p>\n<p style=\"text-align: center;\"><span style=\"color: #000000;\">Ponemos a su disposici\u00f3n nuestros servicios y fabricaciones en el Sector Metal- Mec\u00e1nico con el firme objetivo de apoyarlos en soluciones de mantenimiento y fabricaci\u00f3n, que les garantice la mayor eficiencia y productividad de sus equipos en el <strong>estado de Puebla<\/strong><\/span><\/p>\n<p style=\"text-align: center;\"><span style=\"color: #000000;\">Solucionamos sus necesidades como:<\/span><\/p>\n<p style=\"text-align: center;\"><span style=\"color: #000000;\">SERVICIOS DE MANTENIMIENTO PREVENTIVO, PREDICTIVO Y\/O CORRECTIVO.<\/span><\/p>\n<p style=\"text-align: center;\"><span style=\"color: #000000;\">MONTAJE DE EQUIPO INDUSTRIAL METALMECANICO.<\/span><\/p>\n<p style=\"text-align: center;\"><span style=\"color: #000000;\">FABRICACI\u00d3N METALMECANICA.<\/span><\/p>\n<p>[\/vc_cta][apress_sociallinks socialicon_design=\u00bbround\u00bb socialicon_color=\u00bb#000000&#8243; socialicon_box_bg=\u00bb#ffffff\u00bb socialicon_box_bor=\u00bb#ffffff\u00bb socialicon_email=\u00bbcvega.administracion@servmetal.xyz\u00bb socialicon_alignment=\u00bbcenter\u00bb][\/vc_column][vc_column width=\u00bb1\/2&#8243;][vc_cta h2=\u00bb\u00bb h4=\u00bbMisi\u00f3n:\u00bb h4_font_container=\u00bbcolor:%230f263a\u00bb h4_google_fonts=\u00bbfont_family:Montserrat%3Aregular%2C700|font_style:400%20regular%3A400%3Anormal\u00bb add_icon=\u00bbleft\u00bb i_type=\u00bbentypo\u00bb i_icon_entypo=\u00bbentypo-icon entypo-icon-check\u00bb i_color=\u00bbblack\u00bb use_custom_fonts_h4=\u00bbtrue\u00bb i_link=\u00bb|||\u00bb]<span style=\"color: #000000;\">Ser una empresa de mantenimiento metalmecanico industrial con servicios y fabricaciones que<\/span><br \/>\n<span style=\"color: #000000;\">identifique las caracter\u00edsticas y necesidades de los procesos productivos , a fin de poder integrar soluciones que mejoren la eficiencia operativa, proporcionando servicios y productos con calidad que rebasen la expectativa del cliente.<\/span>[\/vc_cta][vc_cta h2=\u00bb\u00bb h4=\u00bbVisi\u00f3n:\u00bb h4_font_container=\u00bbcolor:%230f263a\u00bb h4_google_fonts=\u00bbfont_family:Montserrat%3Aregular%2C700|font_style:400%20regular%3A400%3Anormal\u00bb add_icon=\u00bbleft\u00bb i_type=\u00bbentypo\u00bb i_icon_entypo=\u00bbentypo-icon entypo-icon-check\u00bb i_color=\u00bbblack\u00bb use_custom_fonts_h4=\u00bbtrue\u00bb]<span style=\"color: #000000;\">Ser al mejor opci\u00f3n en calidad , tiempo de entrega y precio para nuestros clientes.<\/span>[\/vc_cta][apress_alternate_image image=\u00bb324&#8243; image2=\u00bb323&#8243;][\/vc_column][\/vc_row][vc_row][vc_column][\/vc_column][\/vc_row][vc_row][vc_column][\/vc_column][\/vc_row]<\/p>\n","protected":false},"excerpt":{"rendered":"<p>[vc_row full_width=\u00bbstretch_row\u00bb bg_type=\u00bbimage\u00bb parallax_style=\u00bbvcpb-default\u00bb bg_image_new=\u00bbid^217|url^https:\/\/servmetal.xyz\/wp-content\/uploads\/2019\/03\/slide3.jpg|caption^null|alt^null|title^slide3|description^null\u00bb bg_img_attach=\u00bbfixed\u00bb bg_override=\u00bbex-full\u00bb css=\u00bb.vc_custom_1556308527184{padding-top: 50px !important;padding-bottom: 50px !important;background-color: #ffffff !important;}\u00bb][vc_column css_animation=\u00bbfadeInLeft\u00bb width=\u00bb1\/2&#8243;][vc_single_image image=\u00bb1241&#8243; alignment=\u00bbcenter\u00bb css_animation=\u00bbbounceInDown\u00bb][vc_cta h2=\u00bbNOSOTROS\u00bb h2_font_container=\u00bbcolor:%230f263a\u00bb h2_google_fonts=\u00bbfont_family:Montserrat%3Aregular%2C700|font_style:400%20regular%3A400%3Anormal\u00bb h4=\u00bbSERVICIOS METALMECANICOS DE SOLUCI\u00d3N S.A DE C.V.\u00bb h4_font_container=\u00bbcolor:%230f263a\u00bb h4_google_fonts=\u00bbfont_family:Montserrat%3Aregular%2C700|font_style:400%20regular%3A400%3Anormal\u00bb txt_align=\u00bbcenter\u00bb style=\u00bbflat\u00bb color=\u00bbwhite\u00bb use_custom_fonts_h2=\u00bbtrue\u00bb use_custom_fonts_h4=\u00bbtrue\u00bb] Ponemos a su disposici\u00f3n<span class=\"read_more_area\"><a class=\"read-more\" href=\"https:\/\/servmetal.com\/?page_id=144\"> Continue Reading <\/a><\/span><\/p>\n","protected":false},"author":1,"featured_media":0,"parent":0,"menu_order":0,"comment_status":"closed","ping_status":"closed","template":"","meta":[],"_links":{"self":[{"href":"https:\/\/servmetal.com\/index.php?rest_route=\/wp\/v2\/pages\/144"}],"collection":[{"href":"https:\/\/servmetal.com\/index.php?rest_route=\/wp\/v2\/pages"}],"about":[{"href":"https:\/\/servmetal.com\/index.php?rest_route=\/wp\/v2\/types\/page"}],"author":[{"embeddable":true,"href":"https:\/\/servmetal.com\/index.php?rest_route=\/wp\/v2\/users\/1"}],"replies":[{"embeddable":true,"href":"https:\/\/servmetal.com\/index.php?rest_route=%2Fwp%2Fv2%2Fcomments&post=144"}],"version-history":[{"count":180,"href":"https:\/\/servmetal.com\/index.php?rest_route=\/wp\/v2\/pages\/144\/revisions"}],"predecessor-version":[{"id":1207,"href":"https:\/\/servmetal.com\/index.php?rest_route=\/wp\/v2\/pages\/144\/revisions\/1207"}],"wp:attachment":[{"href":"https:\/\/servmetal.com\/index.php?rest_route=%2Fwp%2Fv2%2Fmedia&parent=144"}],"curies":[{"name":"wp","href":"https:\/\/api.w.org\/{rel}","templated":true}]}}